{"id":45,"date":"2014-08-10T15:43:35","date_gmt":"2014-08-10T12:43:35","guid":{"rendered":"http:\/\/putnieks.info\/?page_id=45"},"modified":"2023-02-22T20:12:04","modified_gmt":"2023-02-22T17:12:04","slug":"galvena","status":"publish","type":"page","link":"https:\/\/ineseputniece.lv\/","title":{"rendered":"Galven\u0101"},"content":{"rendered":"<p><!--:lv--><\/p>\n<p style=\"text-align: center;\">Visliel\u0101k\u0101 m\u016bsu k\u0101 cilv\u0113ku k\u013c\u016bda ir doma, ka m\u016bsu uzskati ir absol\u016bta paties\u012bba, absol\u016bta realit\u0101te. M\u016bsu visliel\u0101k\u0101 d\u0101vana ir sp\u0113ja main\u012bt m\u016bsu priek\u0161status, t\u0101d\u0113j\u0101di m\u016bsu realit\u0101ti.<\/p>\n<p style=\"text-align: center;\">Bie\u017ei vien mani pacienti atn\u0101kot saka: \u201dEs zinu, ka man kaut kas ir j\u0101dara ar \u0161o probl\u0113mu, bet nezinu ko tie\u0161i un galvenais \u2013 k\u0101&#8230;\u201d<\/p>\n<p style=\"text-align: center;\">Reiz\u0113m cilv\u0113ks pietiekami labi zina, ka ir k\u0101da probl\u0113ma vai nep\u0101rs\u0101p\u0113tas b\u0113das, zaud\u0113jums. Tas ir labi, ka probl\u0113ma ir zin\u0101ma, bet reiz\u0113m ar to ir par maz. Tas, ka to nevar nevienam atkl\u0101t, past\u0101st\u012bt, ne\u013cauj piln\u0101 m\u0113r\u0101 baud\u012bt dz\u012bvi.<\/p>\n<p style=\"text-align: center;\">Terapija ir viens no efekt\u012bv\u0101kajiem veidiem saprast sevi, kas dod iesp\u0113ju paskat\u012bties uz probl\u0113m\u0101m sav\u0101 dz\u012bv\u0113 no cita skatu punkta un \u013cauj padar\u012bt sevi br\u012bvu \u2013 br\u012bvu sav\u0101 izv\u0113l\u0113, br\u012bvu no sajauktiem uzskatiem, bet vienlaic\u012bgi apzin\u0101ties atbild\u012bbu par \u0161o br\u012bv\u012bbu&#8230;<\/p>\n<p><!--:--><\/p>\n","protected":false},"excerpt":{"rendered":"<p>Visliel\u0101k\u0101 m\u016bsu k\u0101 cilv\u0113ku k\u013c\u016bda ir doma, ka m\u016bsu uzskati ir absol\u016bta paties\u012bba, absol\u016bta realit\u0101te. M\u016bsu visliel\u0101k\u0101 d\u0101vana ir sp\u0113ja main\u012bt m\u016bsu priek\u0161status, t\u0101d\u0113j\u0101di m\u016bsu realit\u0101ti. Bie\u017ei vien mani pacienti atn\u0101kot saka: \u201dEs zinu, ka man kaut kas ir j\u0101dara ar \u0161o probl\u0113mu, bet nezinu ko tie\u0161i un galvenais \u2013 k\u0101&#8230;\u201d Reiz\u0113m cilv\u0113ks pietiekami labi [&hellip;]<\/p>\n","protected":false},"author":1,"featured_media":0,"parent":0,"menu_order":0,"comment_status":"closed","ping_status":"closed","template":"","meta":{"footnotes":""},"_links":{"self":[{"href":"https:\/\/ineseputniece.lv\/index.php?rest_route=\/wp\/v2\/pages\/45"}],"collection":[{"href":"https:\/\/ineseputniece.lv\/index.php?rest_route=\/wp\/v2\/pages"}],"about":[{"href":"https:\/\/ineseputniece.lv\/index.php?rest_route=\/wp\/v2\/types\/page"}],"author":[{"embeddable":true,"href":"https:\/\/ineseputniece.lv\/index.php?rest_route=\/wp\/v2\/users\/1"}],"replies":[{"embeddable":true,"href":"https:\/\/ineseputniece.lv\/index.php?rest_route=%2Fwp%2Fv2%2Fcomments&post=45"}],"version-history":[{"count":0,"href":"https:\/\/ineseputniece.lv\/index.php?rest_route=\/wp\/v2\/pages\/45\/revisions"}],"wp:attachment":[{"href":"https:\/\/ineseputniece.lv\/index.php?rest_route=%2Fwp%2Fv2%2Fmedia&parent=45"}],"curies":[{"name":"wp","href":"https:\/\/api.w.org\/{rel}","templated":true}]}}