{"id":30,"date":"2014-08-10T13:40:10","date_gmt":"2014-08-10T10:40:10","guid":{"rendered":"http:\/\/putnieks.info\/?page_id=30"},"modified":"2023-02-22T20:18:33","modified_gmt":"2023-02-22T17:18:33","slug":"informacija","status":"publish","type":"page","link":"https:\/\/ineseputniece.lv\/?page_id=30","title":{"rendered":"Inform\u0101cija"},"content":{"rendered":"<p><strong><em>Psihoterapija <\/em><\/strong>ir process, jo da\u017ek\u0101rt sesiju laik\u0101 aktualiz\u0113tie jaut\u0101jumi asoci\u0101ciju veid\u0101 atrisin\u0101s laik\u0101 starp sesij\u0101m.<\/p>\n<p><strong><em>Psihoterapeitisk\u0101 sesija<\/em><\/strong> ilgst 45 \u2013 50 min\u016btes, ja klients to apmekl\u0113 individu\u0101li, 1,5 \u2013 2 stundas, ja notiek terapija p\u0101rim vai grup\u0101.<\/p>\n<p><strong><em>Psihoterapeitisk\u0101 alianse<\/em><\/strong> ir specifiskas attiec\u012bbas psihoterapijas proces\u0101 starp pacientu un vi\u0146a terapeitu.<\/p>\n<p><strong><em>Psihoterapeitiskais kontrakts<\/em><\/strong> parasti tiek sl\u0113gts mutiski, kas paredz zin\u0101mu skaidr\u012bbu par abu proces\u0101 iesaist\u012bto pu\u0161u atbild\u012bbu, t.i.,<\/p>\n<ul>\n<li><strong>pacienta atbild\u012bba<\/strong> \u2013 b\u016bt sesij\u0101 un atkl\u0101ti run\u0101t par to, kas s\u0101p, trauc\u0113, rada trauksmi, utt., pacients tiek aicin\u0101ts atkl\u0101ti run\u0101t par visu, lai cik smiekl\u012bgs, mu\u013c\u0137\u012bgs vai terapij\u0101 neieder\u012bgs temats tas liktos. Terapij\u0101 nav tabu t\u0113mu.<\/li>\n<li><strong>terapeita atbild\u012bba<\/strong> \u2013 vienm\u0113r b\u016bt emp\u0101tiskam un tolerantam pret pacientu un vi\u0146a emocion\u0101laj\u0101m reakcij\u0101m, iev\u0113rot konfidencialit\u0101ti, un savas profesion\u0101l\u0101s kompetences ietvaros sniegt atbilsto\u0161u profesion\u0101lu pal\u012bdz\u012bbu pacientam.<\/li>\n<\/ul>\n<p><strong><em>Psihoterapeitiskaj\u0101 kontrakt\u0101<\/em><\/strong> parasti tiek atrun\u0101ts:<\/p>\n<ul>\n<li>sesiju ilgums<\/li>\n<li>sesiju bie\u017eums<\/li>\n<li>samaksas lielums un k\u0101rt\u012bba<\/li>\n<li>abas puses parasti vienojas saska\u0146ot atva\u013cin\u0101jumu vismaz 2 \u2013 3 ned\u0113\u013cas pirms to pl\u0101no\u0161anas<\/li>\n<li>abas puses parasti vienojas pazi\u0146ot par sesiju atcel\u0161anu \u0101rk\u0101rtas gad\u012bjumos vismaz 24 stundas pirms n\u0101ko\u0161\u0101s sesijas<\/li>\n<\/ul>\n","protected":false},"excerpt":{"rendered":"<p>Psihoterapija ir process, jo da\u017ek\u0101rt sesiju laik\u0101 aktualiz\u0113tie jaut\u0101jumi asoci\u0101ciju veid\u0101 atrisin\u0101s laik\u0101 starp sesij\u0101m. Psihoterapeitisk\u0101 sesija ilgst 45 \u2013 50 min\u016btes, ja klients to apmekl\u0113 individu\u0101li, 1,5 \u2013 2 stundas, ja notiek terapija p\u0101rim vai grup\u0101. Psihoterapeitisk\u0101 alianse ir specifiskas attiec\u012bbas psihoterapijas proces\u0101 starp pacientu un vi\u0146a terapeitu. Psihoterapeitiskais kontrakts parasti tiek sl\u0113gts mutiski, [&hellip;]<\/p>\n","protected":false},"author":1,"featured_media":0,"parent":0,"menu_order":0,"comment_status":"closed","ping_status":"closed","template":"","meta":{"footnotes":""},"_links":{"self":[{"href":"https:\/\/ineseputniece.lv\/index.php?rest_route=\/wp\/v2\/pages\/30"}],"collection":[{"href":"https:\/\/ineseputniece.lv\/index.php?rest_route=\/wp\/v2\/pages"}],"about":[{"href":"https:\/\/ineseputniece.lv\/index.php?rest_route=\/wp\/v2\/types\/page"}],"author":[{"embeddable":true,"href":"https:\/\/ineseputniece.lv\/index.php?rest_route=\/wp\/v2\/users\/1"}],"replies":[{"embeddable":true,"href":"https:\/\/ineseputniece.lv\/index.php?rest_route=%2Fwp%2Fv2%2Fcomments&post=30"}],"version-history":[{"count":0,"href":"https:\/\/ineseputniece.lv\/index.php?rest_route=\/wp\/v2\/pages\/30\/revisions"}],"wp:attachment":[{"href":"https:\/\/ineseputniece.lv\/index.php?rest_route=%2Fwp%2Fv2%2Fmedia&parent=30"}],"curies":[{"name":"wp","href":"https:\/\/api.w.org\/{rel}","templated":true}]}}