{"id":26,"date":"2014-08-10T13:38:59","date_gmt":"2014-08-10T10:38:59","guid":{"rendered":"http:\/\/putnieks.info\/?page_id=26"},"modified":"2023-02-22T20:10:52","modified_gmt":"2023-02-22T17:10:52","slug":"darbspakalpojumi","status":"publish","type":"page","link":"https:\/\/ineseputniece.lv\/?page_id=26","title":{"rendered":"Darbs\/Pakalpojumi"},"content":{"rendered":"<p><!--:lv--><\/p>\n<p><strong>DARBS,<\/strong> <strong>PAKALPOJUMI<\/strong><\/p>\n<p><strong>Virziens, <\/strong>kur\u0101 es str\u0101d\u0101ju ir individu\u0101l\u0101 psihodinamisk\u0101 psihoterapija.<\/p>\n<p>Psihodinamisk\u0101 psihoterapija ir emp\u012briska, padzi\u013cin\u0101ta psihoterapeitisk\u0101s \u0101rst\u0113\u0161anas forma, kas p\u0113ta veidus, k\u0101 pag\u0101tnes pieredze un b\u0113rn\u012bb\u0101 att\u012bst\u012bt\u0101s emocion\u0101l\u0101s v\u0113lmes ir rad\u012bju\u0161as un veicin\u0101ju\u0161as pa\u0161reiz\u0113j\u0101s gr\u016bt\u012bbas. \u0160is terapijas veids p\u0113ta komplic\u0113t\u012bbu starppersonu attiec\u012bb\u0101s, balstoties uz jaunatt\u012bst\u012bt\u0101m attiec\u012bb\u0101m ar terapeitu.<\/p>\n<p>Psihoterapeits str\u0101d\u0101 kop\u0101 ar pacientu, cie\u0146piln\u0101 atmosf\u0113r\u0101, nev\u0113rt\u0113jot, nekritiz\u0113jot vi\u0146a spriedumus vai uzskatus, bet pal\u012bdzot ieg\u016bt kontroli p\u0101r bail\u0113m, att\u012bst\u012bt potenci\u0101lu un iem\u0101c\u012bties atkal m\u012bl\u0113t sevi un baud\u012bt dz\u012bvi esot \u201e\u0161eit &amp; tagad\u201d,\u00a0 kas pal\u012bdz pacientam iesaist\u012bties atpaka\u013c dz\u012bv\u0113 ar pilnu atdevi un izbaud\u012bt to.<\/p>\n<p><strong>Ar ko at\u0161\u0137iras psihoterapija no psiholo\u0123ijas?<\/strong><\/p>\n<p>Ab\u0101m ir daudz kop\u012bga. Tom\u0113r j\u0101s\u0101k ar at\u0161\u0137ir\u012bgo \u2013 psiholo\u0123ija ir zin\u0101tnes nozare, kam\u0113r psihoterapija \u2013 dr\u012bz\u0101k prakse. Psiholo\u0123ija cita starp\u0101 nodarbojas ar cilv\u0113ka psihes p\u0113t\u012b\u0161anu, bet psihoterapija \u2013 ar praktiskas pal\u012bdz\u012bbas snieg\u0161anu. Lai gan neb\u016btu pareizi apgalvot, ka psihoterapij\u0101 netiktu veikti nek\u0101di p\u0113t\u012bjumi.<\/p>\n<p><strong>Ar ko at\u0161\u0137iras psihoterapija no psihiatrijas?<\/strong><\/p>\n<p>Ja uz vienas l\u012bnijas saliek psiholo\u0123iju, psihiatriju un psihoterapiju, tad \u0161\u012bs l\u012bnijas psiholo\u0123ijas gal\u0101 trauc\u0113jumi ir vismaz\u0101kie, bet psihiatrijas \u2013 vissmag\u0101kie. Psihoterapija ir kaut kur pa vidu.<\/p>\n<p><strong>Kas ir psihoterapeits? <\/strong><\/p>\n<p>Psihoterapeits ir speci\u0101lists, kur\u0161 apguvis psihoterapeita profesiju vai arodu, ko var izdar\u012bt p\u0113c piln\u012bb\u0101 pabeigtas psihologa, \u0101rsta, soci\u0101l\u0101 darbinieka vai teologa izgl\u012bt\u012bbas ieg\u016b\u0161anas.<\/p>\n<p>Katr\u0101 no min\u0113taj\u0101m profesij\u0101m standarti par piln\u012bb\u0101 pabeigtu izgl\u012bt\u012bbu ir at\u0161\u0137ir\u012bgi (piem\u0113ram, psiholo\u0123ij\u0101 tai j\u0101b\u016bt vismaz 6 gadu izgl\u012bt\u012bbai ar ma\u0123istra gr\u0101du), t\u0101pat k\u0101 katram psihoterapijas virzienam ir at\u0161\u0137ir\u012bgs to profesiju loks, kuras tiek akcept\u0113tas k\u0101 s\u0101kotn\u0113j\u0101 izgl\u012bt\u012bba (piem\u0113ram, psihodinamisko psihoterapiju var apg\u016bt tikai ar \u0101rsta vai psihologa kvalifik\u0101ciju).<\/p>\n<p><strong>Ko dara psihoterapeits?<\/strong><\/p>\n<p>Psihoterapeits m\u0101k sniegt pal\u012bdz\u012bbu \u2013 saprast probl\u0113mu ra\u0161anos, to veido\u0161an\u0101s c\u0113lo\u0146us, meh\u0101nismus un iemeslus, pal\u012bdz mekl\u0113t iesp\u0113jamos risin\u0101jumus un pal\u012bdz\u0113t ieviest tos pacientam dz\u012bv\u0113. Psihoterapeits var pal\u012bdz\u0113t otram cilv\u0113kam \u2013 pacientam lab\u0101k izprast sevi, k\u013c\u016bt patst\u0101v\u012bg\u0101kam un neatkar\u012bg\u0101kam.\u00a0Katram no mums ir vai ir biju\u0161as k\u0101das cie\u0161anas: galvass\u0101pes, murgi, greizsird\u012bba, vientul\u012bba, sevis neieredz\u0113\u0161ana, gr\u016bt\u012bbas darb\u0101 vai m\u0101c\u012bb\u0101s, trauksme, impotence, seksu\u0101lie trauc\u0113jumi, v\u0113sums attiec\u012bb\u0101s, kr\u012bzes, liekais svars, nesaproto\u0161s dz\u012bvesbiedrs, p\u0101rslodze, vardarb\u012bba, ne\u0101rst\u0113jama slim\u012bba, stress, nelaim\u012bga m\u012blest\u012bba, atkar\u012bba, garast\u0101vok\u013ca sv\u0101rst\u012bbas, n\u0101ves bailes, tuva cilv\u0113ka zaud\u0113jums, bezmiegs, bezj\u0113dz\u012bba, depresija, nesp\u0113ja koncentr\u0113ties vai hronisks naudas tr\u016bkums pie it k\u0101 pien\u0101c\u012bgiem ien\u0101kumiem. T\u0101s ir situ\u0101cijas, kur\u0101s J\u016bs varat mekl\u0113t pal\u012bdz\u012bbu pie psihoterapeita.<\/p>\n<p><strong>Kas ir psihologs?<\/strong><\/p>\n<p>Psihologs p\u0101rzina likumsakar\u012bbas par cilv\u0113ka:<\/p>\n<ul>\n<li>att\u012bst\u012bbu<\/li>\n<li>uzved\u012bbu darb\u0101 un br\u012bvaj\u0101 laik\u0101<\/li>\n<li>dom\u0101\u0161anu, uztveri, atmi\u0146u un j\u016bt\u0101m<\/li>\n<li>savstarp\u0113j\u0101m attiec\u012bb\u0101m ar citiem cilv\u0113kiem<\/li>\n<li>sp\u0113ju p\u0101rvar\u0113t nemieru un stresu, traumu rad\u012bt\u0101s sekas<\/li>\n<li>reakciju kritisk\u0101s situ\u0101cij\u0101s, kas var b\u016bt saist\u012btas ar darba zaud\u0113\u0161anu, \u0161\u0137ir\u0161anos, nelaimes gad\u012bjumiem, n\u0101vi vai k\u0101du citu zaud\u0113jumu<\/li>\n<\/ul>\n<p><strong>Ko dara psihologs?<\/strong><\/p>\n<p>Psihologa galvenais uzdevums ir pal\u012bdz\u0113t cilv\u0113kam lab\u0101k orient\u0113ties sare\u017e\u0123\u012bt\u0101s dz\u012bves situ\u0101cij\u0101s un rast izeju no t\u0101m. Psihologa uzdevums ir nodarboties ne tikai ar negat\u012bvu c\u0113lo\u0146u rad\u012bto seku nov\u0113r\u0161anu, bet jau laikus paman\u012bt nevesel\u012bgu tenden\u010du vai k\u0101das probl\u0113mas veido\u0161anos.Da\u017ek\u0101rt katram n\u0101kas saskarties ar dz\u012bves gr\u016bt\u012bb\u0101m, kad profesion\u0101la psihologa konsult\u0101cija var\u0113tu sniegt nepiecie\u0161amo atbalstu. Ar\u012b cilv\u0113kiem, kas ir veiksm\u012bgi person\u012bgaj\u0101 dz\u012bv\u0113, gan darb\u0101, nereti ir nepiecie\u0161am\u012bba atbr\u012bvoties no stresa un spriedzes. Psihologs probl\u0113mas risin\u0101\u0161anas proces\u0101 liek atkl\u0101t un izmantot katra pa\u0161a iek\u0161\u0113jos resursus.<\/p>\n<p><strong>Kas ir psihiatrs?<\/strong><\/p>\n<p>Psihiatrs ir \u0101rsts, kur\u0161 specializ\u0113jies psihiatrij\u0101, p\u0101rzina da\u017e\u0101du cilv\u0113ka psihisko trauc\u0113jumu rakstur\u012bgos simptomus, zina un sp\u0113j tos prec\u012bzi diagnostic\u0113t, noteikt atbilsto\u0161u medikamentozu terapiju, kas kop\u0101 ar cie\u0146pilnu attieksmi pret pacientu, ir galvenais psihiatrisk\u0101s pal\u012bdz\u012bbas veids.<\/p>\n<p><strong>Ko dara psihiatrs?<\/strong><\/p>\n<p>Galvenais psihiatra uzdevums ir atkl\u0101t slim\u012bbas un to iemeslus, simptomus un sindromus, kas ir rakstur\u012bgi tai vai citai saslim\u0161anai, to par\u0101d\u012b\u0161an\u0101s un m\u012b\u0161an\u0101s likumsakar\u012bbas, analiz\u0113t slim\u012bbas prognozes, \u0101rst\u0113t slim\u012bbas un veikt profilaktiskus pas\u0101kumus.<\/p>\n<p><!--:--><\/p>\n","protected":false},"excerpt":{"rendered":"<p>DARBS, PAKALPOJUMI Virziens, kur\u0101 es str\u0101d\u0101ju ir individu\u0101l\u0101 psihodinamisk\u0101 psihoterapija. Psihodinamisk\u0101 psihoterapija ir emp\u012briska, padzi\u013cin\u0101ta psihoterapeitisk\u0101s \u0101rst\u0113\u0161anas forma, kas p\u0113ta veidus, k\u0101 pag\u0101tnes pieredze un b\u0113rn\u012bb\u0101 att\u012bst\u012bt\u0101s emocion\u0101l\u0101s v\u0113lmes ir rad\u012bju\u0161as un veicin\u0101ju\u0161as pa\u0161reiz\u0113j\u0101s gr\u016bt\u012bbas. \u0160is terapijas veids p\u0113ta komplic\u0113t\u012bbu starppersonu attiec\u012bb\u0101s, balstoties uz jaunatt\u012bst\u012bt\u0101m attiec\u012bb\u0101m ar terapeitu. Psihoterapeits str\u0101d\u0101 kop\u0101 ar pacientu, cie\u0146piln\u0101 atmosf\u0113r\u0101, [&hellip;]<\/p>\n","protected":false},"author":1,"featured_media":0,"parent":0,"menu_order":0,"comment_status":"closed","ping_status":"closed","template":"","meta":{"footnotes":""},"_links":{"self":[{"href":"https:\/\/ineseputniece.lv\/index.php?rest_route=\/wp\/v2\/pages\/26"}],"collection":[{"href":"https:\/\/ineseputniece.lv\/index.php?rest_route=\/wp\/v2\/pages"}],"about":[{"href":"https:\/\/ineseputniece.lv\/index.php?rest_route=\/wp\/v2\/types\/page"}],"author":[{"embeddable":true,"href":"https:\/\/ineseputniece.lv\/index.php?rest_route=\/wp\/v2\/users\/1"}],"replies":[{"embeddable":true,"href":"https:\/\/ineseputniece.lv\/index.php?rest_route=%2Fwp%2Fv2%2Fcomments&post=26"}],"version-history":[{"count":0,"href":"https:\/\/ineseputniece.lv\/index.php?rest_route=\/wp\/v2\/pages\/26\/revisions"}],"wp:attachment":[{"href":"https:\/\/ineseputniece.lv\/index.php?rest_route=%2Fwp%2Fv2%2Fmedia&parent=26"}],"curies":[{"name":"wp","href":"https:\/\/api.w.org\/{rel}","templated":true}]}}